{"id":3860,"date":"2026-05-05T14:44:33","date_gmt":"2026-05-05T06:44:33","guid":{"rendered":"https:\/\/xifagroup.com\/?page_id=3860"},"modified":"2026-05-05T14:44:35","modified_gmt":"2026-05-05T06:44:35","slug":"privacy-policy","status":"publish","type":"page","link":"https:\/\/xifagroup.com\/de\/privacy-policy\/","title":{"rendered":"\u00a0Datenschutzrichtlinie"},"content":{"rendered":"<div data-elementor-type=\"wp-page\" data-elementor-id=\"3860\" class=\"elementor elementor-3860\" data-elementor-post-type=\"page\">\n\t\t\t\t<div class=\"elementor-element elementor-element-6f87074f e-flex e-con-boxed e-con e-parent\" data-id=\"6f87074f\" data-element_type=\"container\" data-settings=\"{&quot;background_background&quot;:&quot;classic&quot;,&quot;content_width&quot;:&quot;boxed&quot;}\" data-core-v316-plus=\"true\">\n\t\t\t\t\t<div class=\"e-con-inner\">\n\t\t<div class=\"elementor-element elementor-element-3e7d779a e-flex e-con-boxed e-con e-child\" data-id=\"3e7d779a\" data-element_type=\"container\" data-settings=\"{&quot;content_width&quot;:&quot;boxed&quot;}\">\n\t\t\t\t\t<div class=\"e-con-inner\">\n\t\t\t\t<div class=\"elementor-element elementor-element-2343753 elementor-widget elementor-widget-heading\" data-id=\"2343753\" data-element_type=\"widget\" data-widget_type=\"heading.default\">\n\t\t\t\t<div class=\"elementor-widget-container\">\n\t\t\t<style>\/*! elementor - v3.19.0 - 28-02-2024 *\/\n.elementor-heading-title{padding:0;margin:0;line-height:1}.elementor-widget-heading .elementor-heading-title[class*=elementor-size-]>a{color:inherit;font-size:inherit;line-height:inherit}.elementor-widget-heading .elementor-heading-title.elementor-size-small{font-size:15px}.elementor-widget-heading .elementor-heading-title.elementor-size-medium{font-size:19px}.elementor-widget-heading .elementor-heading-title.elementor-size-large{font-size:29px}.elementor-widget-heading .elementor-heading-title.elementor-size-xl{font-size:39px}.elementor-widget-heading .elementor-heading-title.elementor-size-xxl{font-size:59px}<\/style><h2 class=\"elementor-heading-title elementor-size-default\">Top Hersteller von PP-Gewebes\u00e4cken, Bopp-S\u00e4cken und Tonnens\u00e4cken<\/h2>\t\t<\/div>\n\t\t\t\t<\/div>\n\t\t\t\t<div class=\"elementor-element elementor-element-4beae653 elementor-widget elementor-widget-heading\" data-id=\"4beae653\" data-element_type=\"widget\" data-widget_type=\"heading.default\">\n\t\t\t\t<div class=\"elementor-widget-container\">\n\t\t\t<h1 class=\"elementor-heading-title elementor-size-default\">Datenschutzrichtlinie<\/h1>\t\t<\/div>\n\t\t\t\t<\/div>\n\t\t\t\t<div class=\"elementor-element elementor-element-20f267a elementor-widget elementor-widget-text-editor\" data-id=\"20f267a\" data-element_type=\"widget\" data-widget_type=\"text-editor.default\">\n\t\t\t\t<div class=\"elementor-widget-container\">\n\t\t\t<style>\/*! elementor - v3.19.0 - 28-02-2024 *\/\n.elementor-widget-text-editor.elementor-drop-cap-view-stacked .elementor-drop-cap{background-color:#69727d;color:#fff}.elementor-widget-text-editor.elementor-drop-cap-view-framed .elementor-drop-cap{color:#69727d;border:3px solid;background-color:transparent}.elementor-widget-text-editor:not(.elementor-drop-cap-view-default) .elementor-drop-cap{margin-top:8px}.elementor-widget-text-editor:not(.elementor-drop-cap-view-default) .elementor-drop-cap-letter{width:1em;height:1em}.elementor-widget-text-editor .elementor-drop-cap{float:left;text-align:center;line-height:1;font-size:50px}.elementor-widget-text-editor .elementor-drop-cap-letter{display:inline-block}<\/style>\t\t\t\t<p>Letzte Aktualisierung: Mai 2026<\/p>\t\t\t\t\t\t<\/div>\n\t\t\t\t<\/div>\n\t\t<div class=\"elementor-element elementor-element-718d3d9c e-flex e-con-boxed e-con e-child\" data-id=\"718d3d9c\" data-element_type=\"container\" data-settings=\"{&quot;content_width&quot;:&quot;boxed&quot;}\">\n\t\t\t\t\t<div class=\"e-con-inner\">\n\t\t\t\t<div class=\"elementor-element elementor-element-35a51316 elementor-align-center elementor-widget elementor-widget-button\" data-id=\"35a51316\" data-element_type=\"widget\" data-widget_type=\"button.default\">\n\t\t\t\t<div class=\"elementor-widget-container\">\n\t\t\t\t\t<div class=\"elementor-button-wrapper\">\n\t\t\t<a class=\"elementor-button elementor-button-link elementor-size-md\" href=\"https:\/\/xifagroup.com\/de\/contact\/\">\n\t\t\t\t\t\t<span class=\"elementor-button-content-wrapper\">\n\t\t\t\t\t\t<span class=\"elementor-button-text\">Holen Sie sich ein Angebot<\/span>\n\t\t<\/span>\n\t\t\t\t\t<\/a>\n\t\t<\/div>\n\t\t\t\t<\/div>\n\t\t\t\t<\/div>\n\t\t\t\t\t<\/div>\n\t\t\t\t<\/div>\n\t\t\t\t<div class=\"elementor-element elementor-element-41700606 elementor-view-default elementor-widget elementor-widget-icon\" data-id=\"41700606\" data-element_type=\"widget\" data-widget_type=\"icon.default\">\n\t\t\t\t<div class=\"elementor-widget-container\">\n\t\t\t\t\t<div class=\"elementor-icon-wrapper\">\n\t\t\t<div class=\"elementor-icon\">\n\t\t\t<svg aria-hidden=\"true\" class=\"e-font-icon-svg e-fas-angle-down\" viewbox=\"0 0 320 512\" xmlns=\"http:\/\/www.w3.org\/2000\/svg\"><path d=\"M143 352.3L7 216.3c-9.4-9.4-9.4-24.6 0-33.9l22.6-22.6c9.4-9.4 24.6-9.4 33.9 0l96.4 96.4 96.4-96.4c9.4-9.4 24.6-9.4 33.9 0l22.6 22.6c9.4 9.4 9.4 24.6 0 33.9l-136 136c-9.2 9.4-24.4 9.4-33.8 0z\"><\/path><\/svg>\t\t\t<\/div>\n\t\t<\/div>\n\t\t\t\t<\/div>\n\t\t\t\t<\/div>\n\t\t\t\t\t<\/div>\n\t\t\t\t<\/div>\n\t\t\t\t\t<\/div>\n\t\t\t\t<\/div>\n\t\t<div class=\"elementor-element elementor-element-b072a7f e-flex e-con-boxed e-con e-parent\" data-id=\"b072a7f\" data-element_type=\"container\" data-settings=\"{&quot;content_width&quot;:&quot;boxed&quot;}\" data-core-v316-plus=\"true\">\n\t\t\t\t\t<div class=\"e-con-inner\">\n\t\t<div class=\"elementor-element elementor-element-43e23c9 e-flex e-con-boxed e-con e-child\" data-id=\"43e23c9\" data-element_type=\"container\" data-settings=\"{&quot;content_width&quot;:&quot;boxed&quot;}\">\n\t\t\t\t\t<div class=\"e-con-inner\">\n\t\t\t\t<div class=\"elementor-element elementor-element-fea316d elementor-widget elementor-widget-text-editor\" data-id=\"fea316d\" data-element_type=\"widget\" data-widget_type=\"text-editor.default\">\n\t\t\t\t<div class=\"elementor-widget-container\">\n\t\t\t\t\t\t\t<h2>1. Informationen, die wir sammeln<\/h2><p>Wenn Sie eine Anfrage oder ein Lead-Formular auf xifagroup.com einreichen, erfassen wir m\u00f6glicherweise die folgenden Informationen:<\/p><ul><li>Name, E-Mail-Adresse, Telefonnummer<\/li><li>Firmenname und Land<\/li><li>Produktanforderungen und Anfragedetails<\/li><\/ul><h2>\u00a0<\/h2><h2>2. Wie wir Ihre Daten verwenden<\/h2><p>Wir verwenden Ihre Daten ausschlie\u00dflich zu folgenden Zwecken:<\/p><ul><li>Wir beantworten Ihre Produktanfragen und erstellen Ihnen Angebote.<\/li><li>Senden Sie relevante Produktkataloge oder Werbematerialien<\/li><li>Wir werden Ihre Anfragen innerhalb eines Werktages bearbeiten.<\/li><\/ul><h2>\u00a0<\/h2><h2>3. Wie wir Ihre Daten weitergeben<\/h2><p>Wir verkaufen oder vermieten Ihre personenbezogenen Daten nicht an Dritte. Informationen werden nur dann weitergegeben, wenn dies gesetzlich vorgeschrieben ist und wir vertrauensw\u00fcrdige Dienstleister sind, die uns bei der Durchf\u00fchrung unserer Gesch\u00e4ftst\u00e4tigkeit unterst\u00fctzen.<\/p><h2>\u00a0<\/h2><h2>4. Datensicherheit und Datenaufbewahrung<\/h2><p>Wir setzen branchen\u00fcbliche Sicherheitsma\u00dfnahmen ein, um Ihre Daten zu sch\u00fctzen. Personenbezogene Daten werden bis zu 3 Jahre lang oder bis zur Aufforderung zur L\u00f6schung gespeichert.<\/p><h2>\u00a0<\/h2><h2>5. Ihre Rechte<\/h2><p>Sie k\u00f6nnen jederzeit Auskunft \u00fcber Ihre personenbezogenen Daten, deren Berichtigung oder L\u00f6schung verlangen, indem Sie uns kontaktieren.<\/p><p>\u00a0<\/p><p><em>Mit der \u00dcbermittlung Ihrer Daten best\u00e4tigen Sie, dass Sie diese Datenschutzrichtlinie gelesen und akzeptiert haben.<\/em><\/p>\t\t\t\t\t\t<\/div>\n\t\t\t\t<\/div>\n\t\t\t\t\t<\/div>\n\t\t\t\t<\/div>\n\t\t\t\t\t<\/div>\n\t\t\t\t<\/div>\n\t\t\t\t<\/div>","protected":false},"excerpt":{"rendered":"<p>Top PP Woven Bags, Bopp Bags, Ton Bags Maufacturer Privacy Policy Last Updated: May 2026 Get A Quote 1. Information We Collect When you submit an inquiry or lead form on xifagroup.com, we may collect the following information: Name, email address, phone number Company name and country Product requirements and inquiry details \u00a0 2. How [&hellip;]<\/p>","protected":false},"author":1,"featured_media":0,"parent":0,"menu_order":0,"comment_status":"closed","ping_status":"closed","template":"","meta":{"footnotes":""},"class_list":["post-3860","page","type-page","status-publish","hentry"],"yoast_head":"<!-- This site is optimized with the Yoast SEO plugin v20.8 - https:\/\/yoast.com\/wordpress\/plugins\/seo\/ -->\n<title>Privacy Policy | XIFA Group<\/title>\n<meta name=\"description\" content=\"Learn how XIFA Group collects, uses, and protects your personal data. We are committed to transparency and data security for all global inquiries.\" \/>\n<meta name=\"robots\" content=\"index, follow, max-snippet:-1, max-image-preview:large, max-video-preview:-1\" \/>\n<link rel=\"canonical\" href=\"https:\/\/xifagroup.com\/de\/privacy-policy\/\" \/>\n<meta property=\"og:locale\" content=\"de_DE\" \/>\n<meta property=\"og:type\" content=\"article\" \/>\n<meta property=\"og:title\" content=\"Privacy Policy | XIFA Group\" \/>\n<meta property=\"og:description\" content=\"Learn how XIFA Group collects, uses, and protects your personal data. We are committed to transparency and data security for all global inquiries.\" \/>\n<meta property=\"og:url\" content=\"https:\/\/xifagroup.com\/de\/privacy-policy\/\" \/>\n<meta property=\"og:site_name\" content=\"Woven Polypropylene Bags Manufacturer - XIFA Group\" \/>\n<meta property=\"article:publisher\" content=\"https:\/\/www.facebook.com\/XifaIndustrial\" \/>\n<meta property=\"article:modified_time\" content=\"2026-05-05T06:44:35+00:00\" \/>\n<meta property=\"og:image\" content=\"https:\/\/xifagroup.com\/wp-content\/uploads\/2023\/03\/38-1.png\" \/>\n\t<meta property=\"og:image:width\" content=\"750\" \/>\n\t<meta property=\"og:image:height\" content=\"782\" \/>\n\t<meta property=\"og:image:type\" content=\"image\/png\" \/>\n<meta name=\"twitter:card\" content=\"summary_large_image\" \/>\n<meta name=\"twitter:label1\" content=\"Gesch\u00e4tzte Lesezeit\" \/>\n\t<meta name=\"twitter:data1\" content=\"2\u00a0Minuten\" \/>\n<script type=\"application\/ld+json\" class=\"yoast-schema-graph\">{\"@context\":\"https:\/\/schema.org\",\"@graph\":[{\"@type\":\"WebPage\",\"@id\":\"https:\/\/xifagroup.com\/privacy-policy\/\",\"url\":\"https:\/\/xifagroup.com\/privacy-policy\/\",\"name\":\"Privacy Policy | XIFA Group\",\"isPartOf\":{\"@id\":\"https:\/\/xifagroup.com\/#website\"},\"datePublished\":\"2026-05-05T06:44:33+00:00\",\"dateModified\":\"2026-05-05T06:44:35+00:00\",\"description\":\"Learn how XIFA Group collects, uses, and protects your personal data. We are committed to transparency and data security for all global inquiries.\",\"breadcrumb\":{\"@id\":\"https:\/\/xifagroup.com\/privacy-policy\/#breadcrumb\"},\"inLanguage\":\"de\",\"potentialAction\":[{\"@type\":\"ReadAction\",\"target\":[\"https:\/\/xifagroup.com\/privacy-policy\/\"]}]},{\"@type\":\"BreadcrumbList\",\"@id\":\"https:\/\/xifagroup.com\/privacy-policy\/#breadcrumb\",\"itemListElement\":[{\"@type\":\"ListItem\",\"position\":1,\"name\":\"Home\",\"item\":\"https:\/\/xifagroup.com\/\"},{\"@type\":\"ListItem\",\"position\":2,\"name\":\"\u00a0Privacy Policy\"}]},{\"@type\":\"WebSite\",\"@id\":\"https:\/\/xifagroup.com\/#website\",\"url\":\"https:\/\/xifagroup.com\/\",\"name\":\"Woven Polypropylene Bags Manufacturer - XIFA Group\",\"description\":\"We Offer High-end Packaging Customization Solutions. XiFa Group is the pioneer in Packaging. Centered in the heart of China&#039;s &quot;Plastic Weaving Capital&quot; Xifa is a pioneer in the packaging industry. Located in Cangnan County, Wenzhou city, we are renowned the world over for manufacturing high-quality customized color printing bags and general printing woven bags.\",\"publisher\":{\"@id\":\"https:\/\/xifagroup.com\/#organization\"},\"alternateName\":\"XIFA GROUP\",\"potentialAction\":[{\"@type\":\"SearchAction\",\"target\":{\"@type\":\"EntryPoint\",\"urlTemplate\":\"https:\/\/xifagroup.com\/?s={search_term_string}\"},\"query-input\":\"required name=search_term_string\"}],\"inLanguage\":\"de\"},{\"@type\":\"Organization\",\"@id\":\"https:\/\/xifagroup.com\/#organization\",\"name\":\"XIFA GROUP\",\"alternateName\":\"XIFA GROUP\",\"url\":\"https:\/\/xifagroup.com\/\",\"logo\":{\"@type\":\"ImageObject\",\"inLanguage\":\"de\",\"@id\":\"https:\/\/xifagroup.com\/#\/schema\/logo\/image\/\",\"url\":\"https:\/\/xifagroup.com\/wp-content\/uploads\/2023\/01\/logo.png\",\"contentUrl\":\"https:\/\/xifagroup.com\/wp-content\/uploads\/2023\/01\/logo.png\",\"width\":110,\"height\":88,\"caption\":\"XIFA GROUP\"},\"image\":{\"@id\":\"https:\/\/xifagroup.com\/#\/schema\/logo\/image\/\"},\"sameAs\":[\"https:\/\/www.facebook.com\/XifaIndustrial\"]}]}<\/script>\n<!-- \/ Yoast SEO plugin. -->","yoast_head_json":{"title":"Privacy Policy | XIFA Group","description":"Learn how XIFA Group collects, uses, and protects your personal data. We are committed to transparency and data security for all global inquiries.","robots":{"index":"index","follow":"follow","max-snippet":"max-snippet:-1","max-image-preview":"max-image-preview:large","max-video-preview":"max-video-preview:-1"},"canonical":"https:\/\/xifagroup.com\/de\/privacy-policy\/","og_locale":"de_DE","og_type":"article","og_title":"Privacy Policy | XIFA Group","og_description":"Learn how XIFA Group collects, uses, and protects your personal data. We are committed to transparency and data security for all global inquiries.","og_url":"https:\/\/xifagroup.com\/de\/privacy-policy\/","og_site_name":"Woven Polypropylene Bags Manufacturer - XIFA Group","article_publisher":"https:\/\/www.facebook.com\/XifaIndustrial","article_modified_time":"2026-05-05T06:44:35+00:00","og_image":[{"width":750,"height":782,"url":"https:\/\/xifagroup.com\/wp-content\/uploads\/2023\/03\/38-1.png","type":"image\/png"}],"twitter_card":"summary_large_image","twitter_misc":{"Gesch\u00e4tzte Lesezeit":"2\u00a0Minuten"},"schema":{"@context":"https:\/\/schema.org","@graph":[{"@type":"WebPage","@id":"https:\/\/xifagroup.com\/privacy-policy\/","url":"https:\/\/xifagroup.com\/privacy-policy\/","name":"Privacy Policy | XIFA Group","isPartOf":{"@id":"https:\/\/xifagroup.com\/#website"},"datePublished":"2026-05-05T06:44:33+00:00","dateModified":"2026-05-05T06:44:35+00:00","description":"Learn how XIFA Group collects, uses, and protects your personal data. We are committed to transparency and data security for all global inquiries.","breadcrumb":{"@id":"https:\/\/xifagroup.com\/privacy-policy\/#breadcrumb"},"inLanguage":"de","potentialAction":[{"@type":"ReadAction","target":["https:\/\/xifagroup.com\/privacy-policy\/"]}]},{"@type":"BreadcrumbList","@id":"https:\/\/xifagroup.com\/privacy-policy\/#breadcrumb","itemListElement":[{"@type":"ListItem","position":1,"name":"Home","item":"https:\/\/xifagroup.com\/"},{"@type":"ListItem","position":2,"name":"\u00a0Privacy Policy"}]},{"@type":"WebSite","@id":"https:\/\/xifagroup.com\/#website","url":"https:\/\/xifagroup.com\/","name":"Woven Polypropylene Bags Manufacturer - XIFA Group","description":"We Offer High-end Packaging Customization Solutions. XiFa Group is the pioneer in Packaging. Centered in the heart of China&#039;s &quot;Plastic Weaving Capital&quot; Xifa is a pioneer in the packaging industry. Located in Cangnan County, Wenzhou city, we are renowned the world over for manufacturing high-quality customized color printing bags and general printing woven bags.","publisher":{"@id":"https:\/\/xifagroup.com\/#organization"},"alternateName":"XIFA GROUP","potentialAction":[{"@type":"SearchAction","target":{"@type":"EntryPoint","urlTemplate":"https:\/\/xifagroup.com\/?s={search_term_string}"},"query-input":"required name=search_term_string"}],"inLanguage":"de"},{"@type":"Organization","@id":"https:\/\/xifagroup.com\/#organization","name":"XIFA GROUP","alternateName":"XIFA GROUP","url":"https:\/\/xifagroup.com\/","logo":{"@type":"ImageObject","inLanguage":"de","@id":"https:\/\/xifagroup.com\/#\/schema\/logo\/image\/","url":"https:\/\/xifagroup.com\/wp-content\/uploads\/2023\/01\/logo.png","contentUrl":"https:\/\/xifagroup.com\/wp-content\/uploads\/2023\/01\/logo.png","width":110,"height":88,"caption":"XIFA GROUP"},"image":{"@id":"https:\/\/xifagroup.com\/#\/schema\/logo\/image\/"},"sameAs":["https:\/\/www.facebook.com\/XifaIndustrial"]}]}},"_links":{"self":[{"href":"https:\/\/xifagroup.com\/de\/wp-json\/wp\/v2\/pages\/3860","targetHints":{"allow":["GET"]}}],"collection":[{"href":"https:\/\/xifagroup.com\/de\/wp-json\/wp\/v2\/pages"}],"about":[{"href":"https:\/\/xifagroup.com\/de\/wp-json\/wp\/v2\/types\/page"}],"author":[{"embeddable":true,"href":"https:\/\/xifagroup.com\/de\/wp-json\/wp\/v2\/users\/1"}],"replies":[{"embeddable":true,"href":"https:\/\/xifagroup.com\/de\/wp-json\/wp\/v2\/comments?post=3860"}],"version-history":[{"count":4,"href":"https:\/\/xifagroup.com\/de\/wp-json\/wp\/v2\/pages\/3860\/revisions"}],"predecessor-version":[{"id":3864,"href":"https:\/\/xifagroup.com\/de\/wp-json\/wp\/v2\/pages\/3860\/revisions\/3864"}],"wp:attachment":[{"href":"https:\/\/xifagroup.com\/de\/wp-json\/wp\/v2\/media?parent=3860"}],"curies":[{"name":"wp","href":"https:\/\/api.w.org\/{rel}","templated":true}]}}